{"id":11,"date":"2022-04-01T02:09:56","date_gmt":"2022-04-01T02:09:56","guid":{"rendered":"http:\/\/edsonbeltrami.com\/beltrami\/?page_id=11"},"modified":"2024-10-03T14:35:54","modified_gmt":"2024-10-03T14:35:54","slug":"about","status":"publish","type":"page","link":"http:\/\/edsonbeltrami.com\/beltrami\/?page_id=11","title":{"rendered":"About"},"content":{"rendered":"\n<div class=\"wp-block-columns\">\n<div class=\"wp-block-column\">\n<p>Born in S\u00e3o Paulo, Brazil,&nbsp;<strong>Edson Beltrami<\/strong>&nbsp;has performed as Solo Flutist with the most important orchestras of his country: S\u00e3o Paulo Symphony Orchestra, S\u00e3o Paulo Young Symphony Orchestra, EMP(Piracicaba Music School) Symphony Orchestra, Tatu\u00ed Symphony Orchestra, Radio MEC Symphony Orchestra of Rio de Janeiro, Cear\u00e1 Chamber Orchestra, Campinas Symphony Orchestra, and others. Since 2003, Beltrami has performed as Guest First Solo Flute with the S\u00e3o Paulo State Symphony Orchestra-OSESP and traveled with this Orchestra on a USA Tour in 2009. As Principal Flute with the Bachiana Philharmonic Orchestra\u2013SP, Beltrami toured the USA twice throughout major halls including Lincoln Center.<\/p>\n\n\n\n<p>He has worked with many well-known conductors such as: Eleazar de Carvalho, Gerard Devos, Hans Martin Schneidt , Krzysztof Penderecki, Antoni Wit, Eiji Oue, Kurt Masur, Frank Shipway, Rafael Fr\u00fchbeck de Burgos, Yan Pascal Tortelier, Claus Peter Flor, Pinchas Zukerman, Kristjan J\u00e4rvi, Gennady Rozhdestvensky.<\/p>\n\n\n\n<p>In 1995, Beltrami was awarded 1st Prize in the PR\u00caMIO ELDORADO DE M\u00daSICA, the most important competition of the Latin America. Prior to that, he had won 1st Prize in numerous competitions, such as:<\/p>\n\n\n\n<ul><li>&nbsp;Concurso Solistas da Orquestra Sinf\u00f4nica do Estado &#8211; SP &#8211; 1st Prize<\/li><li>&nbsp;Concurso do Col\u00e9gio Objetivo &#8211; S\u00e3o Paulo &#8211; 1st Prize<\/li><li>&nbsp;Concurso de M\u00fasica de C\u00e2mera da UnB &#8211; Bras\u00edlia &#8211; 1st Prize<\/li><li>&nbsp;Concurso Jovens Instrumentistas da TV Globo &#8211; RJ &#8211; 1st Prize<\/li><li>&nbsp;Concurso Jovens Instrumentistas do Brasil &#8211; 1977 &#8211; Piracicaba &#8211; 1st Prize<\/li><li>Concurso Jovens Instrumentistas do Brasil &#8211; 1979 &#8211; Piracicaba &#8211; 1st Prize<\/li><li>Concurso de M\u00fasica de C\u00e2mera &#8211; Pr\u00f3 Arte &#8211; RJ &#8211; 1st Prize<\/li><li>Concurso Jovens Instrumentistas &#8211; Campinas &#8211; 1st Prize<\/li><\/ul>\n\n\n\n<p>Developing an intensive career as flutist, composer and conductor, Beltrami was invited to work at the \u201cCampos do Jord\u00e3o Winter Festival\u201d as Festival Orchestra Conductor (1993) and is, since 1994, the Symphonic Band Conductor at the same Festival. From 2018 until 2021 he was the Conductor of the Tatu\u00ed Symphony Orchestra. Currently, he is the Conductor in the Itu Philharmonic Orchestra.<\/p>\n\n\n\n<p>As a composer, he has his works included in orchestral programs throughout South America as well as the USA, Europe, Australia and Africa. Several of his works have been premiered in the USA, Russia and Japan. His compositions are currently published by <a href=\"https:\/\/www.cayambismusicpress.com\/edson-beltrami-s\/1964.htm\" data-type=\"URL\" data-id=\"https:\/\/www.cayambismusicpress.com\/edson-beltrami-s\/1964.htm\" target=\"_blank\" rel=\"noreferrer noopener\">Cayambis Music Press<\/a> and <a href=\"http:\/\/www.brazilianmusicpublications.com\/index.php?option=com_content&amp;view=article&amp;id=44:edson-beltrami&amp;catid=28&amp;Itemid=118\" data-type=\"URL\" data-id=\"http:\/\/www.brazilianmusicpublications.com\/index.php?option=com_content&amp;view=article&amp;id=44:edson-beltrami&amp;catid=28&amp;Itemid=118\" target=\"_blank\" rel=\"noreferrer noopener\">Brazilian Music Publications<\/a>.<\/p>\n\n\n\n<p>Beltrami received his early musical studies first with his father and afterward at the Conservat\u00f3rio de Tatu\u00ed with Jo\u00e3o Dias Carrasqueira. Among his teachers were Antonio Carlos Carrasqueira (BRA), Jean Noel Saghaard (FR.- BRA), Alexandr Magnin (SWITZ), Alain Marion (FR), Pierre-Yves Artaud (FR), Pierre Andre Vallade (FR), Keith Underwood (USA).<\/p>\n\n\n\n<p>Edson Beltrami plays on a Miyazawa 14k Flute.<\/p>\n\n\n\n<figure class=\"wp-block-image size-large is-style-default\"><img loading=\"lazy\" width=\"767\" height=\"484\" src=\"http:\/\/edsonbeltrami.com\/beltrami\/wp-content\/uploads\/2022\/04\/10390167_662482093838229_1756925705254135616_n.jpg\" alt=\"\" class=\"wp-image-42\" srcset=\"http:\/\/edsonbeltrami.com\/beltrami\/wp-content\/uploads\/2022\/04\/10390167_662482093838229_1756925705254135616_n.jpg 767w, http:\/\/edsonbeltrami.com\/beltrami\/wp-content\/uploads\/2022\/04\/10390167_662482093838229_1756925705254135616_n-300x189.jpg 300w, http:\/\/edsonbeltrami.com\/beltrami\/wp-content\/uploads\/2022\/04\/10390167_662482093838229_1756925705254135616_n-421x266.jpg 421w\" sizes=\"(max-width: 767px) 100vw, 767px\" \/><\/figure>\n<\/div>\n\n\n\n<div class=\"wp-block-column\">\n<figure class=\"wp-block-image is-style-default\" id=\"block-055d4c83-a6a6-44e7-99a4-339566622b17\"><img src=\"http:\/\/edsonbeltrami.com\/beltrami\/wp-content\/uploads\/2022\/03\/FotoCopia-1024x656.jpg\" alt=\"O atributo alt desta imagem est\u00e1 vazio. O nome do arquivo \u00e9 FotoCopia-1024x656.jpg\"\/><\/figure>\n\n\n\n<p id=\"block-b9f13385-774f-4fcf-aa14-4cbd2ae2ee9f\">Formado em Flauta Transversal no Conservat\u00f3rio de Tatu\u00ed \u00e9 vencedor de mais de uma dezena de concursos, incluindo o Pr\u00eamio Eldorado de M\u00fasica.<\/p>\n\n\n\n<p id=\"block-17b151fb-5e62-4777-ab35-159fa3f5ff68\">Atuou por mais de 10 anos como 1\u00aa Flauta Solo convidado da OSESP \u2013 Orquestra Sinf\u00f4nica do Estado de S\u00e3o Paulo.<\/p>\n\n\n\n<p id=\"block-a3d0409f-2b6e-4ddf-b4d3-0124dbc837fb\">Como flautista e maestro atuou nos mais importantes palcos do Brasil e do mundo como<em> Avery Fisher Hall \u2013 Lincoln Center \u2013 NY \u2013 EUA, MET \u2013 Metropolitan \u2013 NY \u2013 EUA, Bunka Hall \u2013 Kobe \u2013 Jap\u00e3o, Kobe Shinbun Matsukata Hall \u2013 Kobe \u2013 Jap\u00e3o, Harris Theater \u2013 Chicago \u2013 EUA, Broward Center \u2013 Florida \u2013 EUA, Sala S\u00e3o Paulo \u2013 S\u00e3o Paulo \u2013 Brasil, Teatro Municipal de S\u00e3o Paulo, Teatro Municipal do Rio de Janeiro, e outros.<\/em><\/p>\n\n\n\n<p id=\"block-e84a1e0f-2098-477b-aa45-b4b024214be4\">Desenvolve tamb\u00e9m intensa carreira como compositor, sendo suas obras editadas e publicadas nos EUA pelas editoras Cayambis Music Press (<a href=\"http:\/\/www.cayambismusicpress.com\/\">http:\/\/www.cayambismusicpress.com<\/a>) e Brazilian Music Publications (<a href=\"http:\/\/brazilianmusicpublications.com\/\">http:\/\/brazilianmusicpublications.com<\/a>) al\u00e9m da HeBu Musikverlag \u2013 Alemanha (<a href=\"https:\/\/www.hebu-music.com\/de\/suche\/?s=Edson+Beltrami\">https:\/\/www.hebu-music.com\/de\/suche\/?s=Edson+Beltrami<\/a>).<\/p>\n\n\n\n<p id=\"block-bc34100d-d649-467c-b85e-338dad5faf74\">Por 20 anos foi regente da Orquestra Sinf\u00f4nica Jovem do Conservat\u00f3rio de Tatu\u00ed, grupo o qual foi um dos criadores.<\/p>\n\n\n\n<p id=\"block-cbfc686e-f5d7-4364-83f1-97925e5c574f\">Teve a oportunidade de dirigir in\u00fameros grupos no Brasil e no exterior como <em>Orquestra da Academia de Lyon (FR), Orquestra Sinf\u00f4nica Nacional de Paraguai, Banda Sinf\u00f4nica do Estado de S\u00e3o Paulo, Banda Sinf\u00f4nica Juvenil do Estado de S\u00e3o Paulo, Orquestra de Cordas do Ateneo Paraguayo, Orquestra do Festival de Inverno de Campos do Jord\u00e3o, Banda Sinf\u00f4nica do Festival de Inverno de Campos do Jord\u00e3o<\/em>,<\/p>\n\n\n\n<p id=\"block-b864a355-b9a2-41b7-a00b-13b7d6828849\">Foi por 10 anos Flautista e Regente Associado da Orquestra Filarm\u00f4nica Bachiana \u2013 SESI SP.<\/p>\n\n\n\n<p id=\"block-b053cf64-68cd-4339-bc3c-7661060177d7\">\u00c9 colaborador do Projeto Orquestrando S\u00e3o Paulo do Maestro Jo\u00e3o Carlos Martins. Nesse projeto foi o respons\u00e1vel pela cria\u00e7\u00e3o em 2017, do curso \u201cT\u00e9cnicas e Boas Pr\u00e1ticas para Regentes de Orquestras e Grupos Musicais do Sesi-SP\u201d, visando a capacita\u00e7\u00e3o e aperfei\u00e7oamento de Regentes, curso de Educa\u00e7\u00e3o a Dist\u00e2ncia, realizado atrav\u00e9s do Portal de Educa\u00e7\u00e3o do SESI-SP que j\u00e1 est\u00e1 em sua 22\u00aa Turma e, em 2019 a sua continua\u00e7\u00e3o com o II Curso \u201cPr\u00e1ticas de Desenvolvimento de Grupos Musicais\u201d. Nesses dois Cursos j\u00e1 foram atendidos mais de 3000 alunos.<\/p>\n\n\n\n<p id=\"block-adf39aea-c3f3-492c-9a27-c13c90048fa9\">Teve durante esses anos a chance de trabalhar com solistas de renome como <em>Pinchas Zukerman \u2013 Israel, Arthur Moreira Lima \u2013 BRA, Jo\u00e3o Carlos Martins \u2013 BRA, Marcelo Bratke \u2013 BRA, Amanda Forsyth \u2013 Canada, William Bennett \u2013 Inglaterra, Elisa Fukuda \u2013 BRA, Antonio Lauro Del Claro \u2013 BRA, Angela Jones-Reus \u2013 Alemanha\/EUA, e muitos outros.<\/em><\/p>\n\n\n\n<p id=\"block-e757e230-98d3-41c8-b728-892e94e19cd5\">Foi Assessor Art\u00edstico do Conservat\u00f3rio de Tatu\u00ed de 2018-2019 al\u00e9m de Maestro Titular da Orquestra Sinf\u00f4nica do Conservat\u00f3rio de Tatu\u00ed at\u00e9 2021.<\/p>\n\n\n\n<p id=\"block-e757e230-98d3-41c8-b728-892e94e19cd5\">Atualmente \u00e9 Maestro Titular da Orquestra Jovem Bachiana SESI-SP.<\/p>\n<\/div>\n<\/div>\n","protected":false},"excerpt":{"rendered":"<p>Born in S\u00e3o Paulo, Brazil,&nbsp;Edson Beltrami&nbsp;has performed as Solo Flutist with the most important orchestras of his country: S\u00e3o Paulo Symphony Orchestra, S\u00e3o Paulo Young &hellip;<\/p>\n","protected":false},"author":1,"featured_media":7,"parent":0,"menu_order":0,"comment_status":"closed","ping_status":"closed","template":"","meta":[],"_links":{"self":[{"href":"http:\/\/edsonbeltrami.com\/beltrami\/index.php?rest_route=\/wp\/v2\/pages\/11"}],"collection":[{"href":"http:\/\/edsonbeltrami.com\/beltrami\/index.php?rest_route=\/wp\/v2\/pages"}],"about":[{"href":"http:\/\/edsonbeltrami.com\/beltrami\/index.php?rest_route=\/wp\/v2\/types\/page"}],"author":[{"embeddable":true,"href":"http:\/\/edsonbeltrami.com\/beltrami\/index.php?rest_route=\/wp\/v2\/users\/1"}],"replies":[{"embeddable":true,"href":"http:\/\/edsonbeltrami.com\/beltrami\/index.php?rest_route=%2Fwp%2Fv2%2Fcomments&post=11"}],"version-history":[{"count":6,"href":"http:\/\/edsonbeltrami.com\/beltrami\/index.php?rest_route=\/wp\/v2\/pages\/11\/revisions"}],"predecessor-version":[{"id":207,"href":"http:\/\/edsonbeltrami.com\/beltrami\/index.php?rest_route=\/wp\/v2\/pages\/11\/revisions\/207"}],"wp:featuredmedia":[{"embeddable":true,"href":"http:\/\/edsonbeltrami.com\/beltrami\/index.php?rest_route=\/wp\/v2\/media\/7"}],"wp:attachment":[{"href":"http:\/\/edsonbeltrami.com\/beltrami\/index.php?rest_route=%2Fwp%2Fv2%2Fmedia&parent=11"}],"curies":[{"name":"wp","href":"https:\/\/api.w.org\/{rel}","templated":true}]}}